{"id":19,"date":"2019-12-13T12:38:09","date_gmt":"2019-12-13T12:38:09","guid":{"rendered":"http:\/\/ruds22.info\/?page_id=19"},"modified":"2020-07-27T15:46:42","modified_gmt":"2020-07-27T15:46:42","slug":"steckbrief","status":"publish","type":"page","link":"https:\/\/ruds22.info\/?page_id=19","title":{"rendered":"Steckbrief"},"content":{"rendered":"\n<p>Mein Name ist Roland Gr\u00f6flin (55) und ich<br> wohne seit meiner Geburt in Rheinfelden.<br> Meine Frau Patrizia und unsere S\u00f6hne Matteo<br> und Luca unterst\u00fctzen dieses aussergew\u00f6hnliche<br> Projekt. Ich arbeite bei der Gemeinde<br> Stein im Fricktal als Leiter Bau und Planung.<br> Sport ist seit meiner Kindheit stetiger Begleiter.<br> Nach 40 Jahren Fussball widme ich mich heute<br> intensiv dem Laufen. Seit 5 Jahren trainiere ich<br> in einem deutschen Lauf-Club und bin Finisher<br> diverser Bergmarathons. Nach Mannschafts und<br> Einzelsport, richte ich nun meinen Fokus<br> voll und ganz auf die Umrundung der Schweiz!<\/p>\n","protected":false},"excerpt":{"rendered":"<p>Mein Name ist Roland Gr\u00f6flin (55) und ich wohne seit meiner Geburt in Rheinfelden. Meine Frau Patrizia und unsere S\u00f6hne&hellip;<\/p>\n","protected":false},"author":1,"featured_media":0,"parent":0,"menu_order":0,"comment_status":"closed","ping_status":"closed","template":"","meta":{"footnotes":""},"_links":{"self":[{"href":"https:\/\/ruds22.info\/index.php?rest_route=\/wp\/v2\/pages\/19"}],"collection":[{"href":"https:\/\/ruds22.info\/index.php?rest_route=\/wp\/v2\/pages"}],"about":[{"href":"https:\/\/ruds22.info\/index.php?rest_route=\/wp\/v2\/types\/page"}],"author":[{"embeddable":true,"href":"https:\/\/ruds22.info\/index.php?rest_route=\/wp\/v2\/users\/1"}],"replies":[{"embeddable":true,"href":"https:\/\/ruds22.info\/index.php?rest_route=%2Fwp%2Fv2%2Fcomments&post=19"}],"version-history":[{"count":3,"href":"https:\/\/ruds22.info\/index.php?rest_route=\/wp\/v2\/pages\/19\/revisions"}],"predecessor-version":[{"id":173,"href":"https:\/\/ruds22.info\/index.php?rest_route=\/wp\/v2\/pages\/19\/revisions\/173"}],"wp:attachment":[{"href":"https:\/\/ruds22.info\/index.php?rest_route=%2Fwp%2Fv2%2Fmedia&parent=19"}],"curies":[{"name":"wp","href":"https:\/\/api.w.org\/{rel}","templated":true}]}}