{"id":2,"date":"2016-05-10T03:48:21","date_gmt":"2016-05-10T03:48:21","guid":{"rendered":"http:\/\/ruds22.info\/?page_id=2"},"modified":"2020-10-01T12:57:44","modified_gmt":"2020-10-01T10:57:44","slug":"meine-botschaft","status":"publish","type":"page","link":"https:\/\/ruds22.info\/","title":{"rendered":"Meine Botschaft"},"content":{"rendered":"\n<p><\/p>\n\n\n\n<figure class=\"wp-block-video\"><video controls src=\"http:\/\/ruds22.info\/wp-content\/uploads\/2020\/10\/Der-Schweizumrunder-hat-wieder-Aargauer-Boden-unter-den-F\u00fcss.mp4\"><\/video><\/figure>\n\n\n\n<div class=\"wp-block-columns is-layout-flex wp-container-core-columns-layout-1 wp-block-columns-is-layout-flex\">\n<div class=\"wp-block-column is-layout-flow wp-block-column-is-layout-flow\">\n<p style=\"text-align: left;\">\u201eMit RUDS 22 m\u00f6chte ich auf<br \/>ungew\u00f6hnliche Art und Weise auf die<br \/>Kraft der kleinen Schritte<br \/>aufmerksam machen.<br \/>Als Motivation f\u00fcr alle Menschen,<br \/>mehr zu erreichen, als sie sich selber<br \/>zutrauen. Ich m\u00f6chte mit dieser<br \/>Grenzerfahrung aufr\u00fctteln, die<br \/>Herausforderung anzunehmen und<br \/>zeigen, dass es trotz h\u00f6herer<br \/>Belastung immer weitergehen kann.<br \/>Schritt f\u00fcr Schritt. Jeden Tag, immer<br \/>wieder aufs Neue. Beim tagt\u00e4glichen<br \/>Lauf, wie im Leben.\u201c<\/p>\n<\/div>\n\n\n\n<div class=\"wp-block-column is-layout-flow wp-block-column-is-layout-flow\">\n<p><img loading=\"lazy\" decoding=\"async\" class=\"alignnone size-medium wp-image-233\" src=\"http:\/\/ruds22.info\/wp-content\/uploads\/2020\/08\/Radio_SRF-300x300.png\" alt=\"Interview SRF\" width=\"300\" height=\"300\" srcset=\"https:\/\/ruds22.info\/wp-content\/uploads\/2020\/08\/Radio_SRF-300x300.png 300w, https:\/\/ruds22.info\/wp-content\/uploads\/2020\/08\/Radio_SRF-150x150.png 150w, https:\/\/ruds22.info\/wp-content\/uploads\/2020\/08\/Radio_SRF.png 755w\" sizes=\"(max-width: 300px) 100vw, 300px\" \/><\/p>\n<!--[if lt IE 9]><script>document.createElement('audio');<\/script><![endif]-->\n<audio class=\"wp-audio-shortcode\" id=\"audio-2-1\" preload=\"none\" style=\"width: 100%;\" controls=\"controls\"><source type=\"audio\/mpeg\" src=\"http:\/\/ruds22.info\/wp-content\/uploads\/2020\/08\/Regionaljournal-Aargau-Solothurn_01-08-2020-1730.1596297088073.mp3?_=1\" \/><a href=\"http:\/\/ruds22.info\/wp-content\/uploads\/2020\/08\/Regionaljournal-Aargau-Solothurn_01-08-2020-1730.1596297088073.mp3\">http:\/\/ruds22.info\/wp-content\/uploads\/2020\/08\/Regionaljournal-Aargau-Solothurn_01-08-2020-1730.1596297088073.mp3<\/a><\/audio>\n\n\n\n<p><\/p>\n<\/div>\n<\/div>\n\n\n<p>So war der Start:<\/p>\n<div style=\"width: 688px;\" class=\"wp-video\"><!--[if lt IE 9]><script>document.createElement('video');<\/script><![endif]-->\n<video class=\"wp-video-shortcode\" id=\"video-2-1\" width=\"688\" height=\"387\" preload=\"metadata\" controls=\"controls\"><source type=\"video\/mp4\" src=\"http:\/\/ruds22.info\/wp-content\/uploads\/2020\/08\/start.m4v?_=1\" \/><a href=\"http:\/\/ruds22.info\/wp-content\/uploads\/2020\/08\/start.m4v\">http:\/\/ruds22.info\/wp-content\/uploads\/2020\/08\/start.m4v<\/a><\/video><\/div>\n\n\n<p><\/p>\n","protected":false},"excerpt":{"rendered":"<p>\u201eMit RUDS 22 m\u00f6chte ich aufungew\u00f6hnliche Art und Weise auf dieKraft der kleinen Schritteaufmerksam machen.Als Motivation f\u00fcr alle Menschen,mehr zu&hellip;<\/p>\n","protected":false},"author":1,"featured_media":0,"parent":0,"menu_order":0,"comment_status":"closed","ping_status":"closed","template":"","meta":{"footnotes":""},"_links":{"self":[{"href":"https:\/\/ruds22.info\/index.php?rest_route=\/wp\/v2\/pages\/2"}],"collection":[{"href":"https:\/\/ruds22.info\/index.php?rest_route=\/wp\/v2\/pages"}],"about":[{"href":"https:\/\/ruds22.info\/index.php?rest_route=\/wp\/v2\/types\/page"}],"author":[{"embeddable":true,"href":"https:\/\/ruds22.info\/index.php?rest_route=\/wp\/v2\/users\/1"}],"replies":[{"embeddable":true,"href":"https:\/\/ruds22.info\/index.php?rest_route=%2Fwp%2Fv2%2Fcomments&post=2"}],"version-history":[{"count":9,"href":"https:\/\/ruds22.info\/index.php?rest_route=\/wp\/v2\/pages\/2\/revisions"}],"predecessor-version":[{"id":1317,"href":"https:\/\/ruds22.info\/index.php?rest_route=\/wp\/v2\/pages\/2\/revisions\/1317"}],"wp:attachment":[{"href":"https:\/\/ruds22.info\/index.php?rest_route=%2Fwp%2Fv2%2Fmedia&parent=2"}],"curies":[{"name":"wp","href":"https:\/\/api.w.org\/{rel}","templated":true}]}}