{"id":98,"date":"2020-01-05T16:21:33","date_gmt":"2020-01-05T16:21:33","guid":{"rendered":"http:\/\/ruds22.info\/?page_id=98"},"modified":"2020-07-31T07:23:36","modified_gmt":"2020-07-31T07:23:36","slug":"sponsoren","status":"publish","type":"page","link":"https:\/\/ruds22.info\/?page_id=98","title":{"rendered":"Sponsoren"},"content":{"rendered":"\n<p>Mein Projekt kann unterst\u00fctzt werden<br>Spenden tragen zum Gelingen meines<br>Projektes bei und k\u00f6nnen den Erfolg steigern.<br>Monet\u00e4re, materielle und ideologische<br>Unterst\u00fctzung ist herzlich willkommen.<br>Zusammen sind wir stark!<br>Interesse? Mehr erfahren\u2026<br>Nimm einfach mit mir Kontakt auf.<\/p>\n\n\n\n<p><\/p>\n\n\n\n<figure class=\"wp-block-table\"><table><tbody><tr><td><strong>Monet\u00e4r<\/strong><\/td><\/tr><tr><td><a href=\"https:\/\/www.gzf.ch\/\" target=\"_blank\" rel=\"noreferrer noopener\" aria-label=\"\ufffc (\u00f6ffnet in neuem Tab)\"><img loading=\"lazy\" decoding=\"async\" width=\"310\" height=\"80\" class=\"wp-image-107\" style=\"width: 200px;\" src=\"http:\/\/ruds22.info\/wp-content\/uploads\/2020\/01\/GesundheitszentrumFricktal.png\" alt=\"\" srcset=\"https:\/\/ruds22.info\/wp-content\/uploads\/2020\/01\/GesundheitszentrumFricktal.png 310w, https:\/\/ruds22.info\/wp-content\/uploads\/2020\/01\/GesundheitszentrumFricktal-300x77.png 300w\" sizes=\"(max-width: 310px) 100vw, 310px\" \/><\/a><\/td><\/tr><tr><td><strong>Materiell<\/strong><\/td><\/tr><tr><td><a href=\"https:\/\/www.brack.ch\/\" target=\"_blank\" rel=\"noreferrer noopener\" aria-label=\"\ufffc (\u00f6ffnet in neuem Tab)\"><img loading=\"lazy\" decoding=\"async\" width=\"344\" height=\"131\" class=\"wp-image-104\" style=\"width: 150px;\" src=\"http:\/\/ruds22.info\/wp-content\/uploads\/2020\/01\/brack.png\" alt=\"\" srcset=\"https:\/\/ruds22.info\/wp-content\/uploads\/2020\/01\/brack.png 344w, https:\/\/ruds22.info\/wp-content\/uploads\/2020\/01\/brack-300x114.png 300w\" sizes=\"(max-width: 344px) 100vw, 344px\" \/><\/a><\/td><\/tr><tr><td><a href=\"https:\/\/www.stonesurf.ch\/\" target=\"_blank\" rel=\"noreferrer noopener\" aria-label=\"\ufffc (\u00f6ffnet in neuem Tab)\"><img loading=\"lazy\" decoding=\"async\" width=\"383\" height=\"175\" class=\"wp-image-112\" style=\"width: 150px;\" src=\"http:\/\/ruds22.info\/wp-content\/uploads\/2020\/02\/stonesurf.jpg\" alt=\"\" srcset=\"https:\/\/ruds22.info\/wp-content\/uploads\/2020\/02\/stonesurf.jpg 383w, https:\/\/ruds22.info\/wp-content\/uploads\/2020\/02\/stonesurf-300x137.jpg 300w\" sizes=\"(max-width: 383px) 100vw, 383px\" \/><\/a><\/td><\/tr><tr><td><a href=\"https:\/\/www.laufsport-heinz.de\/\" target=\"_blank\" rel=\"noreferrer noopener\"><img loading=\"lazy\" decoding=\"async\" width=\"200\" height=\"100\" class=\"wp-image-169\" style=\"width: 180px;\" src=\"http:\/\/ruds22.info\/wp-content\/uploads\/2020\/07\/LaufsportHeinz-1.png\" alt=\"Laufsport Heinz Rheinfelden\"><\/a><\/td><\/tr><tr><td><a href=\"http:\/\/www.rosenauapotheke.ch\" target=\"_blank\" rel=\"noreferrer noopener\"><img loading=\"lazy\" decoding=\"async\" width=\"611\" height=\"194\" class=\"wp-image-174\" style=\"width: 240px;\" src=\"http:\/\/ruds22.info\/wp-content\/uploads\/2020\/07\/20200718LogoRosenau.png\" alt=\"Rosenau Apotheke\" srcset=\"https:\/\/ruds22.info\/wp-content\/uploads\/2020\/07\/20200718LogoRosenau.png 611w, https:\/\/ruds22.info\/wp-content\/uploads\/2020\/07\/20200718LogoRosenau-300x95.png 300w\" sizes=\"(max-width: 611px) 100vw, 611px\" \/><\/a><\/td><\/tr><tr><td><a href=\"https:\/\/ultra-sports.de\/\" target=\"_blank\" rel=\"noreferrer noopener\"><img loading=\"lazy\" decoding=\"async\" width=\"198\" height=\"68\" class=\"wp-image-177\" style=\"width: 198px;\" src=\"http:\/\/ruds22.info\/wp-content\/uploads\/2020\/07\/ultrasports.png\" alt=\"Ultra-SPORTS\"><\/a><\/td><\/tr><tr><td><a href=\"https:\/\/label-it.ch\/\" target=\"_blank\" rel=\"noreferrer noopener\"><img loading=\"lazy\" decoding=\"async\" width=\"200\" height=\"231\" class=\"wp-image-190\" style=\"width: 200px;\" src=\"http:\/\/ruds22.info\/wp-content\/uploads\/2020\/07\/Label-it.png\" alt=\"Label it! Werbetechnik &amp; Beschriftungen\"><\/a><\/td><\/tr><tr><td><strong>Ideologisch<\/strong><\/td><\/tr><tr><td><a href=\"https:\/\/altius.ag\/\" target=\"_blank\" rel=\"noreferrer noopener\"><img loading=\"lazy\" decoding=\"async\" width=\"320\" height=\"138\" class=\"wp-image-150\" style=\"width: 150px;\" src=\"http:\/\/ruds22.info\/wp-content\/uploads\/2020\/04\/Altius_logo_weiss.png\" alt=\"Altius\" srcset=\"https:\/\/ruds22.info\/wp-content\/uploads\/2020\/04\/Altius_logo_weiss.png 320w, https:\/\/ruds22.info\/wp-content\/uploads\/2020\/04\/Altius_logo_weiss-300x129.png 300w\" sizes=\"(max-width: 320px) 100vw, 320px\" \/><\/a><\/td><\/tr><tr><td><a href=\"https:\/\/life-premium-training.ch\/standort-rheinfelden\/\" target=\"_blank\" rel=\"noreferrer noopener\" aria-label=\"\ufffc (\u00f6ffnet in neuem Tab)\"><img loading=\"lazy\" decoding=\"async\" width=\"200\" height=\"126\" class=\"wp-image-99\" style=\"width: 150px;\" src=\"http:\/\/ruds22.info\/wp-content\/uploads\/2020\/01\/life.jpg\" alt=\"L!FE SWISS HEALTH CLUB\"><\/a><\/td><\/tr><tr><td><a href=\"http:\/\/idp.infra.ch\"><img loading=\"lazy\" decoding=\"async\" width=\"1062\" height=\"423\" class=\"wp-image-155\" style=\"width: 150px;\" src=\"http:\/\/ruds22.info\/wp-content\/uploads\/2020\/07\/inf.jpg\" alt=\"idp.infra.ch\" srcset=\"https:\/\/ruds22.info\/wp-content\/uploads\/2020\/07\/inf.jpg 1062w, https:\/\/ruds22.info\/wp-content\/uploads\/2020\/07\/inf-300x119.jpg 300w, https:\/\/ruds22.info\/wp-content\/uploads\/2020\/07\/inf-1024x408.jpg 1024w, https:\/\/ruds22.info\/wp-content\/uploads\/2020\/07\/inf-768x306.jpg 768w\" sizes=\"(max-width: 1062px) 100vw, 1062px\" \/><\/a><\/td><\/tr><\/tbody><\/table><\/figure>\n","protected":false},"excerpt":{"rendered":"<p>Mein Projekt kann unterst\u00fctzt werdenSpenden tragen zum Gelingen meinesProjektes bei und k\u00f6nnen den Erfolg steigern.Monet\u00e4re, materielle und ideologischeUnterst\u00fctzung ist herzlich&hellip;<\/p>\n","protected":false},"author":1,"featured_media":0,"parent":0,"menu_order":0,"comment_status":"closed","ping_status":"closed","template":"","meta":{"footnotes":""},"_links":{"self":[{"href":"https:\/\/ruds22.info\/index.php?rest_route=\/wp\/v2\/pages\/98"}],"collection":[{"href":"https:\/\/ruds22.info\/index.php?rest_route=\/wp\/v2\/pages"}],"about":[{"href":"https:\/\/ruds22.info\/index.php?rest_route=\/wp\/v2\/types\/page"}],"author":[{"embeddable":true,"href":"https:\/\/ruds22.info\/index.php?rest_route=\/wp\/v2\/users\/1"}],"replies":[{"embeddable":true,"href":"https:\/\/ruds22.info\/index.php?rest_route=%2Fwp%2Fv2%2Fcomments&post=98"}],"version-history":[{"count":19,"href":"https:\/\/ruds22.info\/index.php?rest_route=\/wp\/v2\/pages\/98\/revisions"}],"predecessor-version":[{"id":207,"href":"https:\/\/ruds22.info\/index.php?rest_route=\/wp\/v2\/pages\/98\/revisions\/207"}],"wp:attachment":[{"href":"https:\/\/ruds22.info\/index.php?rest_route=%2Fwp%2Fv2%2Fmedia&parent=98"}],"curies":[{"name":"wp","href":"https:\/\/api.w.org\/{rel}","templated":true}]}}